{"id":36,"date":"2024-03-15T15:05:50","date_gmt":"2024-03-15T18:05:50","guid":{"rendered":"http:\/\/localhost\/site-perin\/?page_id=36"},"modified":"2024-06-28T15:42:54","modified_gmt":"2024-06-28T18:42:54","slug":"nossas-lojas","status":"publish","type":"page","link":"https:\/\/perincasaconceito.com.br\/perin\/nossas-lojas\/","title":{"rendered":"Nossas lojas"},"content":{"rendered":"\n<div class=\"wp-block-columns is-layout-flex wp-container-core-columns-is-layout-28f84493 wp-block-columns-is-layout-flex\">\n<div class=\"wp-block-column is-layout-flow wp-block-column-is-layout-flow\">\n<p>Somos uma empresa dedicada \u00e0 produ\u00e7\u00e3o e comercializa\u00e7\u00e3o de m\u00f3veis sob medida, com presen\u00e7a consolidada nas cidades de Casca, Marau e Passo Fundo. Atendemos com orgulho todo o estado do Rio Grande do Sul e Santa Catarina, proporcionando solu\u00e7\u00f5es personalizadas e de alta qualidade para nossos clientes.<\/p>\n\n\n\n<p>Oferecer aos nossos clientes produtos de excel\u00eancia, apoiados por um servi\u00e7o de atendimento personalizado e eficiente, sempre buscando superar expectativas e contribuir para ambientes \u00fanicos e funcionais.<\/p>\n<\/div>\n\n\n\n<div class=\"wp-block-column is-layout-flow wp-block-column-is-layout-flow\">\n<p><strong>Localiza\u00e7\u00e3o Estrat\u00e9gica:<\/strong> Com lojas situadas nas cidades de Casca, Marau e Passo Fundo, estamos posicionados para atender eficientemente toda a regi\u00e3o, dispondo aos clientes showrooms modernos.<\/p>\n\n\n\n<p><strong>Compromisso com a Qualidade:<\/strong> Investimos em tecnologia avan\u00e7ada e utilizamos mat\u00e9ria-prima de alta qualidade em nossos processos produtivos, garantindo m\u00f3veis sob medida que combinam durabilidade com design excepcional.<\/p>\n\n\n\n<p><strong>Ampla \u00c1rea de Atendimento:<\/strong> Com opera\u00e7\u00f5es que abrangem todo o estado do Rio Grande do Sul e Santa Catarina, estamos preparados para atender projetos residenciais, coorporativos e hotelarias.<\/p>\n<\/div>\n<\/div>\n\n\n\n<p>Estamos prontos para colaborar com o sucesso do seu projeto de mobili\u00e1rio. Entre em contato conosco e descubra como podemos transformar suas ideias em realidade.<\/p>\n\n\n\n<div class=\"wp-block-columns alignfull has-background is-layout-flex wp-container-core-columns-is-layout-28f84493 wp-block-columns-is-layout-flex\" style=\"background-color:#2a2a2a\">\n<div class=\"wp-block-column is-layout-flow wp-block-column-is-layout-flow\" style=\"flex-basis:100%\">\n<div style=\"height:5px\" aria-hidden=\"true\" class=\"wp-block-spacer\"><\/div>\n\n\n\n<div class=\"wp-block-media-text is-stacked-on-mobile has-background\" style=\"background-color:#2a2a2a\"><figure class=\"wp-block-media-text__media\"><img fetchpriority=\"high\" decoding=\"async\" width=\"1024\" height=\"576\" src=\"https:\/\/perincasaconceito.com.br\/perin\/wp-content\/uploads\/2024\/03\/foto_externa2021_1-edited-1-1024x576.jpg\" alt=\"\" class=\"wp-image-39 size-full\" srcset=\"https:\/\/perincasaconceito.com.br\/perin\/wp-content\/uploads\/2024\/03\/foto_externa2021_1-edited-1-1024x576.jpg 1024w, https:\/\/perincasaconceito.com.br\/perin\/wp-content\/uploads\/2024\/03\/foto_externa2021_1-edited-1-300x169.jpg 300w, https:\/\/perincasaconceito.com.br\/perin\/wp-content\/uploads\/2024\/03\/foto_externa2021_1-edited-1-768x432.jpg 768w, https:\/\/perincasaconceito.com.br\/perin\/wp-content\/uploads\/2024\/03\/foto_externa2021_1-edited-1-1536x864.jpg 1536w, https:\/\/perincasaconceito.com.br\/perin\/wp-content\/uploads\/2024\/03\/foto_externa2021_1-edited-1-2048x1152.jpg 2048w\" sizes=\"(max-width: 1024px) 100vw, 1024px\" \/><\/figure><div class=\"wp-block-media-text__content\">\n<p class=\"has-rubik-font-family has-regular-font-size\" style=\"font-style:normal;font-weight:600\">Loja Casca<\/p>\n\n\n\n<p><i class=\"fa-solid fa-location-dot\"><\/i> Av. Borges de Medeiros, 21 &#8211; ERS 324 &#8211; Casca\/RS<\/p>\n\n\n\n<p><a href=\"https:\/\/maps.app.goo.gl\/jURZSuTnQm87PYgs8\" target=\"_blank\" rel=\"noreferrer noopener\"><i class=\"fa-regular fa-map\"><\/i> Ver mapa<\/a><\/p>\n\n\n\n<p><i class=\"fa-solid fa-phone\"><\/i> 54 3347-1169<br><i class=\"fa-solid fa-phone\"><\/i> 54 3347-1068<br><mark style=\"background-color:rgba(0, 0, 0, 0)\" class=\"has-inline-color has-base-color\"><a href=\"https:\/\/api.whatsapp.com\/send?phone=5554991482467\" data-type=\"link\" data-id=\"https:\/\/api.whatsapp.com\/send?phone=5554991482467\" target=\"_blank\" rel=\"noreferrer noopener\"><i class=\"fa-brands fa-whatsapp\"><\/i> 54 9 9148-2467<\/a><\/mark><\/p>\n\n\n\n<p> <a href=\"mailto:vendas@lojasperin.com.br\" target=\"_blank\" rel=\"noreferrer noopener\"> <i class=\"fa-regular fa-envelope\"><\/i> vendas@lojasperin.com.br<\/a><br><\/p>\n<\/div><\/div>\n<\/div>\n<\/div>\n\n\n\n<div class=\"wp-block-columns alignfull has-background is-layout-flex wp-container-core-columns-is-layout-28f84493 wp-block-columns-is-layout-flex\" style=\"background-color:#2a2a2a\">\n<div class=\"wp-block-column is-layout-flow wp-block-column-is-layout-flow\" style=\"flex-basis:100%\">\n<div style=\"height:5px\" aria-hidden=\"true\" class=\"wp-block-spacer\"><\/div>\n\n\n\n<div class=\"wp-block-media-text is-stacked-on-mobile has-background\" style=\"background-color:#2a2a2a\"><figure class=\"wp-block-media-text__media\"><img decoding=\"async\" width=\"1024\" height=\"576\" src=\"https:\/\/perincasaconceito.com.br\/perin\/wp-content\/uploads\/2024\/03\/fachada5-1024x576.jpeg\" alt=\"\" class=\"wp-image-104 size-full\" srcset=\"https:\/\/perincasaconceito.com.br\/perin\/wp-content\/uploads\/2024\/03\/fachada5-1024x576.jpeg 1024w, https:\/\/perincasaconceito.com.br\/perin\/wp-content\/uploads\/2024\/03\/fachada5-300x169.jpeg 300w, https:\/\/perincasaconceito.com.br\/perin\/wp-content\/uploads\/2024\/03\/fachada5-768x432.jpeg 768w, https:\/\/perincasaconceito.com.br\/perin\/wp-content\/uploads\/2024\/03\/fachada5-1536x864.jpeg 1536w, https:\/\/perincasaconceito.com.br\/perin\/wp-content\/uploads\/2024\/03\/fachada5.jpeg 1600w\" sizes=\"(max-width: 1024px) 100vw, 1024px\" \/><\/figure><div class=\"wp-block-media-text__content\">\n<p class=\"has-rubik-font-family has-regular-font-size\" style=\"font-style:normal;font-weight:600\">Loja Marau<\/p>\n\n\n\n<p><i class=\"fa-solid fa-location-dot\"><\/i> Av. Jo\u00e3o Posser, 1619 &#8211; Jardim Am\u00e9rica &#8211; Marau\/RS<\/p>\n\n\n\n<p><a href=\"https:\/\/maps.app.goo.gl\/UpAA4nA8HtXxAR8U8\" target=\"_blank\" rel=\"noreferrer noopener\"><i class=\"fa-regular fa-map\"><\/i> Ver mapa<\/a><\/p>\n\n\n\n<p><i class=\"fa-solid fa-phone\"><\/i> 54 3342-6004<br><mark style=\"background-color:rgba(0, 0, 0, 0)\" class=\"has-inline-color has-base-color\"><a href=\"https:\/\/api.whatsapp.com\/send?phone=5554991483147\" data-type=\"link\" data-id=\"https:\/\/api.whatsapp.com\/send?phone=5554991482467\" target=\"_blank\" rel=\"noreferrer noopener\"><i class=\"fa-brands fa-whatsapp\"><\/i> 54 9 9148-3147<\/a><\/mark><\/p>\n\n\n\n<p>  <a href=\"mailto:perinmarau@lojasperin.com.br\" target=\"_blank\" rel=\"noreferrer noopener\"><i class=\"fa-regular fa-envelope\"><\/i> perinmarau@lojasperin.com.br<\/a><br><\/p>\n<\/div><\/div>\n<\/div>\n<\/div>\n\n\n\n<div class=\"wp-block-columns alignfull has-background is-layout-flex wp-container-core-columns-is-layout-28f84493 wp-block-columns-is-layout-flex\" style=\"background-color:#2a2a2a\">\n<div class=\"wp-block-column is-layout-flow wp-block-column-is-layout-flow\" style=\"flex-basis:100%\">\n<div style=\"height:5px\" aria-hidden=\"true\" class=\"wp-block-spacer\"><\/div>\n\n\n\n<div class=\"wp-block-media-text is-stacked-on-mobile has-background\" style=\"background-color:#2a2a2a\"><figure class=\"wp-block-media-text__media\"><img decoding=\"async\" width=\"1024\" height=\"576\" src=\"https:\/\/perincasaconceito.com.br\/perin\/wp-content\/uploads\/2024\/04\/PF_externa4-1024x576.jpeg\" alt=\"\" class=\"wp-image-456 size-full\" srcset=\"https:\/\/perincasaconceito.com.br\/perin\/wp-content\/uploads\/2024\/04\/PF_externa4-1024x576.jpeg 1024w, https:\/\/perincasaconceito.com.br\/perin\/wp-content\/uploads\/2024\/04\/PF_externa4-300x169.jpeg 300w, https:\/\/perincasaconceito.com.br\/perin\/wp-content\/uploads\/2024\/04\/PF_externa4-768x432.jpeg 768w, https:\/\/perincasaconceito.com.br\/perin\/wp-content\/uploads\/2024\/04\/PF_externa4-1536x864.jpeg 1536w, https:\/\/perincasaconceito.com.br\/perin\/wp-content\/uploads\/2024\/04\/PF_externa4.jpeg 1891w\" sizes=\"(max-width: 1024px) 100vw, 1024px\" \/><\/figure><div class=\"wp-block-media-text__content\">\n<p class=\"has-rubik-font-family has-regular-font-size\" style=\"font-style:normal;font-weight:600\">Loja Passo Fundo<\/p>\n\n\n\n<p><i class=\"fa-solid fa-location-dot\"><\/i> Av. Brasil Leste, 1395 &#8211; Loja 01 &#8211; Petr\u00f3polis &#8211; Passo Fundo\/RS<\/p>\n\n\n\n<p><a href=\"https:\/\/maps.app.goo.gl\/jDXii1qs9XY4oQ428\" target=\"_blank\" rel=\"noreferrer noopener\"><i class=\"fa-regular fa-map\"><\/i> Ver mapa<\/a><\/p>\n\n\n\n<p><i class=\"fa-solid fa-phone\"><\/i> 54 3632-5463<br><mark style=\"background-color:rgba(0, 0, 0, 0)\" class=\"has-inline-color has-base-color\"><a href=\"https:\/\/api.whatsapp.com\/send?phone=5554991609452\" data-type=\"link\" data-id=\"\" target=\"_blank\" rel=\"noreferrer noopener\"><i class=\"fa-brands fa-whatsapp\"><\/i> 54 9 9160-9452<\/a><\/mark><\/p>\n\n\n\n<p> <a href=\"mailto:perinpf@lojasperin.com.br\" target=\"_blank\" rel=\"noreferrer noopener\"><i class=\"fa-regular fa-envelope\"><\/i> perinpf@lojasperin.com.br<\/a><br><\/p>\n<\/div><\/div>\n<\/div>\n<\/div>\n","protected":false},"excerpt":{"rendered":"<p>Somos uma empresa dedicada \u00e0 produ\u00e7\u00e3o e comercializa\u00e7\u00e3o de m\u00f3veis sob medida, com presen\u00e7a consolidada nas cidades de Casca, Marau e Passo Fundo. Atendemos com orgulho todo o estado do Rio Grande do Sul e Santa Catarina, proporcionando solu\u00e7\u00f5es personalizadas e de alta qualidade para nossos clientes. Oferecer aos nossos clientes produtos de excel\u00eancia, apoiados [&hellip;]<\/p>\n","protected":false},"author":1,"featured_media":0,"parent":0,"menu_order":0,"comment_status":"closed","ping_status":"closed","template":"","meta":{"footnotes":""},"class_list":["post-36","page","type-page","status-publish","hentry"],"_links":{"self":[{"href":"https:\/\/perincasaconceito.com.br\/perin\/wp-json\/wp\/v2\/pages\/36","targetHints":{"allow":["GET"]}}],"collection":[{"href":"https:\/\/perincasaconceito.com.br\/perin\/wp-json\/wp\/v2\/pages"}],"about":[{"href":"https:\/\/perincasaconceito.com.br\/perin\/wp-json\/wp\/v2\/types\/page"}],"author":[{"embeddable":true,"href":"https:\/\/perincasaconceito.com.br\/perin\/wp-json\/wp\/v2\/users\/1"}],"replies":[{"embeddable":true,"href":"https:\/\/perincasaconceito.com.br\/perin\/wp-json\/wp\/v2\/comments?post=36"}],"version-history":[{"count":46,"href":"https:\/\/perincasaconceito.com.br\/perin\/wp-json\/wp\/v2\/pages\/36\/revisions"}],"predecessor-version":[{"id":580,"href":"https:\/\/perincasaconceito.com.br\/perin\/wp-json\/wp\/v2\/pages\/36\/revisions\/580"}],"wp:attachment":[{"href":"https:\/\/perincasaconceito.com.br\/perin\/wp-json\/wp\/v2\/media?parent=36"}],"curies":[{"name":"wp","href":"https:\/\/api.w.org\/{rel}","templated":true}]}}