{"id":208,"date":"2024-03-19T15:09:42","date_gmt":"2024-03-19T18:09:42","guid":{"rendered":"http:\/\/localhost\/site-perin\/?page_id=208"},"modified":"2024-06-28T15:13:10","modified_gmt":"2024-06-28T18:13:10","slug":"revendas","status":"publish","type":"page","link":"https:\/\/perincasaconceito.com.br\/perin\/revendas\/","title":{"rendered":"Revendas"},"content":{"rendered":"\n<div class=\"wp-block-media-text has-media-on-the-right is-stacked-on-mobile is-vertically-aligned-top\" style=\"grid-template-columns:auto 49%\"><div class=\"wp-block-media-text__content\">\n<p>Desde 2019, estamos comprometidos em fornecer produtos de alta qualidade atrav\u00e9s de modernos processos produtivos e mat\u00e9ria-prima vinda dos maiores fornecedores do ramo moveleiro. Nos especializamos na produ\u00e7\u00e3o de m\u00f3veis sob medida para lojistas que desejam oferecer produtos exclusivos em suas lojas.<\/p>\n\n\n\n<p>Localizada na cidade de Casca\/RS, nossa f\u00e1brica se destaca pelo sistema de produ\u00e7\u00e3o altamente automatizado e pela expertise de nossos colaboradores com anos de experi\u00eancia. Nos \u00faltimos anos, realizamos investimentos significativos em m\u00e1quinas importadas, o que nos permitiu triplicar nossa capacidade de produ\u00e7\u00e3o.<\/p>\n<\/div><figure class=\"wp-block-media-text__media\"><img fetchpriority=\"high\" decoding=\"async\" width=\"1024\" height=\"576\" src=\"http:\/\/localhost\/site-perin\/wp-content\/uploads\/2024\/03\/foto_externa2021_1-1024x576.jpg\" alt=\"\" class=\"wp-image-37 size-full\" srcset=\"https:\/\/perincasaconceito.com.br\/perin\/wp-content\/uploads\/2024\/03\/foto_externa2021_1-1024x576.jpg 1024w, https:\/\/perincasaconceito.com.br\/perin\/wp-content\/uploads\/2024\/03\/foto_externa2021_1-300x169.jpg 300w, https:\/\/perincasaconceito.com.br\/perin\/wp-content\/uploads\/2024\/03\/foto_externa2021_1-768x432.jpg 768w, https:\/\/perincasaconceito.com.br\/perin\/wp-content\/uploads\/2024\/03\/foto_externa2021_1-1536x864.jpg 1536w, https:\/\/perincasaconceito.com.br\/perin\/wp-content\/uploads\/2024\/03\/foto_externa2021_1-2048x1152.jpg 2048w\" sizes=\"(max-width: 1024px) 100vw, 1024px\" \/><\/figure><\/div>\n\n\n\n<div class=\"wp-block-media-text is-stacked-on-mobile is-vertically-aligned-center\" style=\"margin-top:0;margin-right:0;margin-bottom:0;margin-left:0;padding-top:var(--wp--preset--spacing--70);padding-right:0;padding-bottom:0;padding-left:var(--wp--preset--spacing--60);grid-template-columns:49% auto\"><figure class=\"wp-block-media-text__media\"><img decoding=\"async\" width=\"1024\" height=\"576\" src=\"http:\/\/localhost\/site-perin\/wp-content\/uploads\/2024\/03\/foto_externa2021_1-edited-1-1024x576.jpg\" alt=\"\" class=\"wp-image-39 size-full\" srcset=\"https:\/\/perincasaconceito.com.br\/perin\/wp-content\/uploads\/2024\/03\/foto_externa2021_1-edited-1-1024x576.jpg 1024w, https:\/\/perincasaconceito.com.br\/perin\/wp-content\/uploads\/2024\/03\/foto_externa2021_1-edited-1-300x169.jpg 300w, https:\/\/perincasaconceito.com.br\/perin\/wp-content\/uploads\/2024\/03\/foto_externa2021_1-edited-1-768x432.jpg 768w, https:\/\/perincasaconceito.com.br\/perin\/wp-content\/uploads\/2024\/03\/foto_externa2021_1-edited-1-1536x864.jpg 1536w, https:\/\/perincasaconceito.com.br\/perin\/wp-content\/uploads\/2024\/03\/foto_externa2021_1-edited-1-2048x1152.jpg 2048w\" sizes=\"(max-width: 1024px) 100vw, 1024px\" \/><\/figure><div class=\"wp-block-media-text__content\">\n<p><strong>Nossos diferenciais incluem:<\/strong><\/p>\n\n\n\n<ul class=\"wp-block-list\">\n<li><strong>Qualidade Superior:<\/strong> Utilizamos mat\u00e9ria-prima de alta qualidade para garantir durabilidade e acabamento impec\u00e1vel em todos os nossos m\u00f3veis.<\/li>\n\n\n\n<li><strong>Processos Modernos:<\/strong> Contamos com tecnologia avan\u00e7ada em nossos processos produtivos para assegurar efici\u00eancia e precis\u00e3o em cada etapa.<\/li>\n\n\n\n<li><strong>Personaliza\u00e7\u00e3o Total:<\/strong> Utilizamos o software 3D Promob para criar projetos personalizados, oferecendo bibliotecas de modula\u00e7\u00f5es e acess\u00f3rios exclusivos que tornam cada pe\u00e7a \u00fanica e encantadora.<\/li>\n\n\n\n<li><strong>Parceria com Fornecedores:<\/strong> Mantemos parcerias estrat\u00e9gicas com fornecedores confi\u00e1veis para garantir que nossos clientes recebam os melhores materiais dispon\u00edveis.<\/li>\n<\/ul>\n<\/div><\/div>\n\n\n\n<div class=\"wp-block-group skill-section has-white-background-color has-background has-global-padding is-layout-constrained wp-container-core-group-is-layout-03615e90 wp-block-group-is-layout-constrained\" style=\"margin-top:0;margin-bottom:0;padding-top:var(--wp--preset--spacing--80);padding-right:0;padding-bottom:var(--wp--preset--spacing--80);padding-left:0\">\n<h3 class=\"wp-block-heading has-text-align-center wow bounceInDown has-primary-color has-text-color has-link-color wp-elements-cbaf1910395ce77751b93dad1cc925c7\" style=\"text-transform:uppercase\">PARCERIA PERIN X LOJISTA<\/h3>\n\n\n\n<p class=\"has-text-align-center has-heading-color has-text-color has-link-color has-regular-font-size wp-elements-6461c7c73fc0459e5c53ee490fc570e3\" style=\"font-style:normal;font-weight:500\">Veja os benef\u00edcios e facilidades ao se tornar um lojista Perin.<\/p>\n\n\n\n<div style=\"height:45px\" aria-hidden=\"true\" class=\"wp-block-spacer\"><\/div>\n\n\n\n<div class=\"wp-block-columns are-vertically-aligned-center skill-outer-box is-layout-flex wp-container-core-columns-is-layout-9b24e0e0 wp-block-columns-is-layout-flex\">\n<div class=\"wp-block-column is-vertically-aligned-center skill-box wow lightSpeedIn is-layout-flow wp-block-column-is-layout-flow\" style=\"flex-basis:25%\">\n<div class=\"wp-block-group skill-inner-box has-white-background-color has-background has-global-padding is-layout-constrained wp-container-core-group-is-layout-280f0a9a wp-block-group-is-layout-constrained\" style=\"padding-top:20px;padding-right:15px;padding-bottom:20px;padding-left:15px\">\n<figure class=\"wp-block-image aligncenter size-full skill-img\"><img decoding=\"async\" width=\"71\" height=\"72\" src=\"https:\/\/perincasaconceito.com.br\/perin\/wp-content\/uploads\/2024\/04\/icon12.png\" alt=\"\" class=\"wp-image-433\"\/><\/figure>\n\n\n\n<h5 class=\"wp-block-heading has-text-align-center has-text-color has-link-color wp-elements-6994f545c67bf4128e5f38c471b52629\" style=\"color:#424242;text-transform:capitalize\">30 padr\u00f5es em linha<\/h5>\n\n\n\n<p class=\"has-text-align-center\">Todos os padr\u00f5es em linha com grande estoque.<\/p>\n<\/div>\n<\/div>\n\n\n\n<div class=\"wp-block-column is-vertically-aligned-center skill-box wow lightSpeedIn is-layout-flow wp-block-column-is-layout-flow\" style=\"flex-basis:25%\">\n<div class=\"wp-block-group skill-inner-box has-white-background-color has-background has-global-padding is-layout-constrained wp-container-core-group-is-layout-280f0a9a wp-block-group-is-layout-constrained\" style=\"padding-top:20px;padding-right:15px;padding-bottom:20px;padding-left:15px\">\n<figure class=\"wp-block-image aligncenter size-full skill-img\"><img loading=\"lazy\" decoding=\"async\" width=\"71\" height=\"72\" src=\"https:\/\/perincasaconceito.com.br\/perin\/wp-content\/uploads\/2024\/04\/icon9.png\" alt=\"\" class=\"wp-image-428\"\/><\/figure>\n\n\n\n<h5 class=\"wp-block-heading has-text-align-center has-text-color has-link-color wp-elements-9bf41449a8c87717bb1fa90d2f20b88b\" style=\"color:#424242;text-transform:capitalize\">valor competitivo<\/h5>\n\n\n\n<p class=\"has-text-align-center\">Produto de excelente qualidade e custo inferior a outras marcas.<\/p>\n<\/div>\n<\/div>\n\n\n\n<div class=\"wp-block-column is-vertically-aligned-center skill-box wow lightSpeedIn is-layout-flow wp-block-column-is-layout-flow\" style=\"flex-basis:25%\">\n<div class=\"wp-block-group skill-inner-box has-white-background-color has-background has-global-padding is-layout-constrained wp-container-core-group-is-layout-280f0a9a wp-block-group-is-layout-constrained\" style=\"padding-top:20px;padding-right:15px;padding-bottom:20px;padding-left:15px\">\n<figure class=\"wp-block-image aligncenter size-full skill-img\"><img loading=\"lazy\" decoding=\"async\" width=\"71\" height=\"72\" src=\"https:\/\/perincasaconceito.com.br\/perin\/wp-content\/uploads\/2024\/04\/icon10.png\" alt=\"\" class=\"wp-image-429\"\/><\/figure>\n\n\n\n<h5 class=\"wp-block-heading has-text-align-center has-text-color has-link-color wp-elements-b0f0e934d74a0d9e3ecafe880ecc1767\" style=\"color:#424242;text-transform:capitalize\">Agilidade na entrega<\/h5>\n\n\n\n<p class=\"has-text-align-center\">Oferecemos servi\u00e7o de entrega pr\u00f3prio para RS e SC.<\/p>\n<\/div>\n<\/div>\n\n\n\n<div class=\"wp-block-column is-vertically-aligned-center skill-box wow lightSpeedIn is-layout-flow wp-block-column-is-layout-flow\" style=\"flex-basis:25%\">\n<div class=\"wp-block-group skill-inner-box has-white-background-color has-background has-global-padding is-layout-constrained wp-container-core-group-is-layout-280f0a9a wp-block-group-is-layout-constrained\" style=\"padding-top:20px;padding-right:15px;padding-bottom:20px;padding-left:15px\">\n<figure class=\"wp-block-image aligncenter size-full skill-img\"><img loading=\"lazy\" decoding=\"async\" width=\"73\" height=\"70\" src=\"https:\/\/perincasaconceito.com.br\/perin\/wp-content\/uploads\/2024\/04\/icon4.png\" alt=\"\" class=\"wp-image-421\"\/><\/figure>\n\n\n\n<h5 class=\"wp-block-heading has-text-align-center has-text-color has-link-color wp-elements-f1a2994d4d8fcf770d51acd07c2ca0d2\" style=\"color:#424242;text-transform:capitalize\">modula\u00e7\u00e3o 100% edit\u00e1vel<\/h5>\n\n\n\n<p class=\"has-text-align-center\">Promob personalizado com modula\u00e7\u00e3o totalmente edit\u00e1vel.<\/p>\n<\/div>\n<\/div>\n<\/div>\n\n\n\n<div style=\"height:45px\" aria-hidden=\"true\" class=\"wp-block-spacer skill-spacer\"><\/div>\n\n\n\n<div class=\"wp-block-columns are-vertically-aligned-center skill-outer-box is-layout-flex wp-container-core-columns-is-layout-9b24e0e0 wp-block-columns-is-layout-flex\">\n<div class=\"wp-block-column is-vertically-aligned-center skill-box wow lightSpeedIn is-layout-flow wp-block-column-is-layout-flow\" style=\"flex-basis:25%\">\n<div class=\"wp-block-group skill-inner-box has-white-background-color has-background has-global-padding is-layout-constrained wp-container-core-group-is-layout-280f0a9a wp-block-group-is-layout-constrained\" style=\"padding-top:20px;padding-right:15px;padding-bottom:20px;padding-left:15px\">\n<figure class=\"wp-block-image aligncenter size-full skill-img\"><img loading=\"lazy\" decoding=\"async\" width=\"71\" height=\"69\" src=\"https:\/\/perincasaconceito.com.br\/perin\/wp-content\/uploads\/2024\/04\/icon5.png\" alt=\"\" class=\"wp-image-422\"\/><\/figure>\n\n\n\n<h5 class=\"wp-block-heading has-text-align-center has-text-color has-link-color wp-elements-634934f702bc7cd92b3139edad8d7119\" style=\"color:#424242;text-transform:capitalize\">Pain\u00e9is com recortes especiais<\/h5>\n\n\n\n<p class=\"has-text-align-center\">Possibilidade de usinagens especiais conforme a necessidade do seu projeto.<\/p>\n<\/div>\n<\/div>\n\n\n\n<div class=\"wp-block-column is-vertically-aligned-center skill-box wow lightSpeedIn is-layout-flow wp-block-column-is-layout-flow\" style=\"flex-basis:25%\">\n<div class=\"wp-block-group skill-inner-box has-white-background-color has-background has-global-padding is-layout-constrained wp-container-core-group-is-layout-280f0a9a wp-block-group-is-layout-constrained\" style=\"padding-top:20px;padding-right:15px;padding-bottom:20px;padding-left:15px\">\n<figure class=\"wp-block-image aligncenter size-full skill-img\"><img loading=\"lazy\" decoding=\"async\" width=\"73\" height=\"70\" src=\"https:\/\/perincasaconceito.com.br\/perin\/wp-content\/uploads\/2024\/04\/icon6.png\" alt=\"\" class=\"wp-image-423\"\/><\/figure>\n\n\n\n<h5 class=\"wp-block-heading has-text-align-center has-text-color has-link-color wp-elements-ddf78b7ff49f3dbe443d72fca0489c8b\" style=\"color:#424242;text-transform:capitalize\">parceria com financeiras<\/h5>\n\n\n\n<p class=\"has-text-align-center\">Sistema de financiamento multipartido.<\/p>\n<\/div>\n<\/div>\n\n\n\n<div class=\"wp-block-column is-vertically-aligned-center skill-box wow lightSpeedIn is-layout-flow wp-block-column-is-layout-flow\" style=\"flex-basis:25%\">\n<div class=\"wp-block-group skill-inner-box has-white-background-color has-background has-global-padding is-layout-constrained wp-container-core-group-is-layout-280f0a9a wp-block-group-is-layout-constrained\" style=\"padding-top:20px;padding-right:15px;padding-bottom:20px;padding-left:15px\">\n<figure class=\"wp-block-image aligncenter size-full skill-img\"><img loading=\"lazy\" decoding=\"async\" width=\"72\" height=\"71\" src=\"https:\/\/perincasaconceito.com.br\/perin\/wp-content\/uploads\/2024\/04\/icon7.png\" alt=\"\" class=\"wp-image-425\"\/><\/figure>\n\n\n\n<h5 class=\"wp-block-heading has-text-align-center has-text-color has-link-color wp-elements-bb8d7a4a3531ba142807c5b1a0647f04\" style=\"color:#424242;text-transform:capitalize\">implanta\u00e7\u00e3o de pedidos Online<\/h5>\n\n\n\n<p class=\"has-text-align-center\">Sistema para implanta\u00e7\u00e3o e acompanhamento dos pedidos.<\/p>\n<\/div>\n<\/div>\n\n\n\n<div class=\"wp-block-column is-vertically-aligned-center skill-box wow lightSpeedIn is-layout-flow wp-block-column-is-layout-flow\" style=\"flex-basis:25%\">\n<div class=\"wp-block-group skill-inner-box has-white-background-color has-background has-global-padding is-layout-constrained wp-container-core-group-is-layout-280f0a9a wp-block-group-is-layout-constrained\" style=\"padding-top:20px;padding-right:15px;padding-bottom:20px;padding-left:15px\">\n<figure class=\"wp-block-image aligncenter size-full skill-img\"><img loading=\"lazy\" decoding=\"async\" width=\"71\" height=\"72\" src=\"https:\/\/perincasaconceito.com.br\/perin\/wp-content\/uploads\/2024\/04\/icon11.png\" alt=\"\" class=\"wp-image-431\"\/><\/figure>\n\n\n\n<h5 class=\"wp-block-heading has-text-align-center has-text-color has-link-color wp-elements-67274d17e9a1a9bc1bf84fa3895f620c\" style=\"color:#424242;text-transform:capitalize\">sem exig\u00eancias<\/h5>\n\n\n\n<p class=\"has-text-align-center\">Sem burocracia para iniciar a parceria.<\/p>\n<\/div>\n<\/div>\n<\/div>\n<\/div>\n\n\n\n<div class=\"wp-block-columns is-layout-flex wp-container-core-columns-is-layout-28f84493 wp-block-columns-is-layout-flex\">\n<div class=\"wp-block-column is-layout-flow wp-block-column-is-layout-flow\">\n<p>Atualmente atendemos mais de 20 revendas, espalhadas por diversos estados do Brasil.<\/p>\n\n\n\n<p>Se voc\u00ea est\u00e1 buscando m\u00f3veis sob medida que se destacam pela qualidade e design exclusivo, estamos aqui para ajudar. <\/p>\n\n\n\n<p>Preencha o formul\u00e1rio que entraremos em contato para apresentarmos todos benef\u00edcios e vantagens de revender os m\u00f3veis fabricados pela Perin Casa Conceito e de que forma podemos atender \u00e0s suas necessidades espec\u00edficas.<\/p>\n<\/div>\n\n\n\n<div class=\"wp-block-column is-layout-flow wp-block-column-is-layout-flow\">\n<div class=\"wp-block-contact-form-7-contact-form-selector\">\n<div class=\"wpcf7 no-js\" id=\"wpcf7-f355-o1\" lang=\"pt-BR\" dir=\"ltr\">\n<div class=\"screen-reader-response\"><p role=\"status\" aria-live=\"polite\" aria-atomic=\"true\"><\/p> <ul><\/ul><\/div>\n<form action=\"\/perin\/wp-json\/wp\/v2\/pages\/208#wpcf7-f355-o1\" method=\"post\" class=\"wpcf7-form init\" aria-label=\"Formul\u00e1rios de contato\" novalidate=\"novalidate\" data-status=\"init\">\n<div style=\"display: none;\">\n<input type=\"hidden\" name=\"_wpcf7\" value=\"355\" \/>\n<input type=\"hidden\" name=\"_wpcf7_version\" value=\"5.9.2\" \/>\n<input type=\"hidden\" name=\"_wpcf7_locale\" value=\"pt_BR\" \/>\n<input type=\"hidden\" name=\"_wpcf7_unit_tag\" value=\"wpcf7-f355-o1\" \/>\n<input type=\"hidden\" name=\"_wpcf7_container_post\" value=\"0\" \/>\n<input type=\"hidden\" name=\"_wpcf7_posted_data_hash\" value=\"\" \/>\n<\/div>\n<p><label> <span class=\"wpcf7-form-control-wrap\" data-name=\"nome\"><input size=\"40\" class=\"wpcf7-form-control wpcf7-text wpcf7-validates-as-required\" autocomplete=\"name\" aria-required=\"true\" aria-invalid=\"false\" placeholder=\"Nome\" value=\"\" type=\"text\" name=\"nome\" \/><\/span> <\/label>\n<\/p>\n<p><label> <span class=\"wpcf7-form-control-wrap\" data-name=\"email\"><input size=\"40\" class=\"wpcf7-form-control wpcf7-email wpcf7-validates-as-required wpcf7-text wpcf7-validates-as-email\" autocomplete=\"email\" aria-required=\"true\" aria-invalid=\"false\" placeholder=\"E-mail\" value=\"\" type=\"email\" name=\"email\" \/><\/span> <\/label>\n<\/p>\n<p><label> <span class=\"wpcf7-form-control-wrap\" data-name=\"telefone\"><input size=\"40\" class=\"wpcf7-form-control wpcf7-tel wpcf7-validates-as-required wpcf7-text wpcf7-validates-as-tel\" autocomplete=\"telefone\" aria-required=\"true\" aria-invalid=\"false\" placeholder=\"(xx) x xxxx-xxxx\" value=\"\" type=\"tel\" name=\"telefone\" \/><\/span><\/label>\n<\/p>\n<p><label class> <span class=\"wpcf7-form-control-wrap\" data-name=\"estado\"><select class=\"wpcf7-form-control wpcf7-select wpcf7-validates-as-required\" id=\"estado\" aria-required=\"true\" aria-invalid=\"false\" name=\"estado\"><option value=\"\">-UF-<\/option><option value=\"AC\">AC<\/option><option value=\"AL\">AL<\/option><option value=\"AP\">AP<\/option><option value=\"AM\">AM<\/option><option value=\"BA\">BA<\/option><option value=\"CE\">CE<\/option><option value=\"DF\">DF<\/option><option value=\"ES\">ES<\/option><option value=\"GO\">GO<\/option><option value=\"MA\">MA<\/option><option value=\"MT\">MT<\/option><option value=\"MS\">MS<\/option><option value=\"MG\">MG<\/option><option value=\"PA\">PA<\/option><option value=\"PB\">PB<\/option><option value=\"PR\">PR<\/option><option value=\"PE\">PE<\/option><option value=\"PI\">PI<\/option><option value=\"RJ\">RJ<\/option><option value=\"RN\">RN<\/option><option value=\"RS\">RS<\/option><option value=\"RO\">RO<\/option><option value=\"RR\">RR<\/option><option value=\"SC\">SC<\/option><option value=\"SP\">SP<\/option><option value=\"SE\">SE<\/option><option value=\"TO\">TO<\/option><\/select><\/span> <\/label>\n<\/p>\n<p><label> <span class=\"wpcf7-form-control-wrap\" data-name=\"cidade\"><input size=\"40\" class=\"wpcf7-form-control wpcf7-text wpcf7-validates-as-required\" autocomplete=\"cidade\" aria-required=\"true\" aria-invalid=\"false\" placeholder=\"Cidade\" value=\"\" type=\"text\" name=\"cidade\" \/><\/span> <\/label>\n<\/p>\n<p><label id=\"mensagem\"> <span class=\"wpcf7-form-control-wrap\" data-name=\"mensagem\"><textarea cols=\"40\" rows=\"10\" class=\"wpcf7-form-control wpcf7-textarea\" aria-invalid=\"false\" placeholder=\"Mensagem\" name=\"mensagem\"><\/textarea><\/span><\/label>\n<\/p>\n<p><input class=\"wpcf7-form-control wpcf7-submit has-spinner\" type=\"submit\" value=\"Enviar\" \/>\n<\/p><div class=\"wpcf7-response-output\" aria-hidden=\"true\"><\/div>\n<\/form>\n<\/div>\n<\/div>\n<\/div>\n<\/div>\n","protected":false},"excerpt":{"rendered":"<p>Desde 2019, estamos comprometidos em fornecer produtos de alta qualidade atrav\u00e9s de modernos processos produtivos e mat\u00e9ria-prima vinda dos maiores fornecedores do ramo moveleiro. Nos especializamos na produ\u00e7\u00e3o de m\u00f3veis sob medida para lojistas que desejam oferecer produtos exclusivos em suas lojas. Localizada na cidade de Casca\/RS, nossa f\u00e1brica se destaca pelo sistema de produ\u00e7\u00e3o [&hellip;]<\/p>\n","protected":false},"author":1,"featured_media":0,"parent":0,"menu_order":0,"comment_status":"closed","ping_status":"closed","template":"","meta":{"footnotes":""},"class_list":["post-208","page","type-page","status-publish","hentry"],"_links":{"self":[{"href":"https:\/\/perincasaconceito.com.br\/perin\/wp-json\/wp\/v2\/pages\/208","targetHints":{"allow":["GET"]}}],"collection":[{"href":"https:\/\/perincasaconceito.com.br\/perin\/wp-json\/wp\/v2\/pages"}],"about":[{"href":"https:\/\/perincasaconceito.com.br\/perin\/wp-json\/wp\/v2\/types\/page"}],"author":[{"embeddable":true,"href":"https:\/\/perincasaconceito.com.br\/perin\/wp-json\/wp\/v2\/users\/1"}],"replies":[{"embeddable":true,"href":"https:\/\/perincasaconceito.com.br\/perin\/wp-json\/wp\/v2\/comments?post=208"}],"version-history":[{"count":39,"href":"https:\/\/perincasaconceito.com.br\/perin\/wp-json\/wp\/v2\/pages\/208\/revisions"}],"predecessor-version":[{"id":578,"href":"https:\/\/perincasaconceito.com.br\/perin\/wp-json\/wp\/v2\/pages\/208\/revisions\/578"}],"wp:attachment":[{"href":"https:\/\/perincasaconceito.com.br\/perin\/wp-json\/wp\/v2\/media?parent=208"}],"curies":[{"name":"wp","href":"https:\/\/api.w.org\/{rel}","templated":true}]}}